{"id":1600,"date":"0204-09-05T14:28:01","date_gmt":"0204-09-05T14:28:01","guid":{"rendered":"https:\/\/www.staudtchronometrie.com\/?page_id=1600"},"modified":"2025-09-19T09:25:09","modified_gmt":"2025-09-19T09:25:09","slug":"catalogus","status":"publish","type":"page","link":"https:\/\/www.staudtchronometrie.com\/de\/catalogus\/","title":{"rendered":"Katalog"},"content":{"rendered":"<h1>\n\t\t\tStaudt Katalog erhalten\t<\/h1>\n\t\t\t\t<img decoding=\"async\" src=\"https:\/\/www.staudtchronometrie.com\/wp-content\/uploads\/2024\/03\/Catalogue-Staudt-2.png\" alt=\"Herenhorloges van Nederlands horlogemerk Staudt Chronometrie Luxe brochure\" title=\"Herrenuhren der niederl\u00e4ndischen Uhrenmarke Staudt Chronometrie Boerderij Ootmarsum\" itemprop=\"image\"  \/>\n\t\n\t\t\t<p>Nehmen Sie sich Zeit? Eine Uhr kauft man nicht von heute auf morgen. Wir empfehlen Ihnen, sich Zeit zu nehmen. F\u00fcr den Anfang, am besten mit einem guten Glas Wein und unserer luxuri\u00f6sen Brosch\u00fcre. Dieses Buch enth\u00e4lt alles, was Sie \u00fcber uns wissen m\u00fcssen. Es ist ein Vorgeschmack auf unsere Uhren. Viel Spa\u00df beim Lesen.<\/p>\t\n\t\t\t<div class=\"fl-builder-content fl-builder-content-26695 fl-builder-template fl-builder-row-template fl-builder-global-templates-locked\" data-post-id=\"26695\"><div class=\"fl-row fl-row-fixed-width fl-row-bg-none fl-node-8so64l5qtfra fl-row-default-height fl-row-align-center\" data-node=\"8so64l5qtfra\">\n\t<div class=\"fl-row-content-wrap\">\n\t\t\t\t\t\t\t\t<div class=\"fl-row-content fl-row-fixed-width fl-node-content\">\n\t\t\n<div class=\"fl-col-group fl-node-dgb50zlkscto\" data-node=\"dgb50zlkscto\">\n\t\t\t<div class=\"fl-col fl-node-o695xukapwgi fl-col-bg-color\" data-node=\"o695xukapwgi\">\n\t<div class=\"fl-col-content fl-node-content\">\t\t<div class=\"fl-module fl-module-uabb-heading fl-node-31zcf2hsikr8\" data-node=\"31zcf2hsikr8\">\n\t<div class=\"fl-module-content fl-node-content\">\n\t\t\n<div class=\"uabb-module-content uabb-heading-wrapper uabb-heading-align-center\">\n\t\n\t\n\t<h3 class=\"uabb-heading\">\n\t\t\t\t<span class=\"uabb-heading-text\"> <\/span>\n\t\t\t<\/h3>\n\t\t\t\t\t<div class=\"uabb-subheading uabb-text-editor\">\n\t\t\t<p style=\"text-align: justify\"><span style=\"font-family: 'Whitney-black', sans-serif\">Es liegt etwas Sch\u00f6nes vor uns.<\/span> We werken momenteel aan een volledig vernieuwde Staudt-brochure met daarin de nieuwe collecties. Vraag je nu een brochure aan dan sturen we je alvast onze compacte leaflet toe. Zodra de nieuwe luxe brochure gereed is ontvang je deze vanzelfsprekend ook van ons. We verwachten te leveren in maart 2026.<span style=\"font-family: 'Whitney-black', sans-serif\"> Viel Spa\u00df beim Lesen.<\/span><\/p>\t<\/div>\n\t\t\t<\/div>\n\t<\/div>\n<\/div>\n<div class=\"fl-module fl-module-button fl-node-yijq1hmwk7gt\" data-node=\"yijq1hmwk7gt\">\n\t<div class=\"fl-module-content fl-node-content\">\n\t\t<div class=\"fl-button-wrap fl-button-width-full fl-button-left fl-button-has-icon\">\n\t\t\t<a href=\"?add-to-cart=25960&#038;quantity=1\u201c\"  target=\"_self\"  class=\"fl-button\" >\n\t\t\t\t\t<i class=\"fl-button-icon fl-button-icon-before fas fa-book-open\" aria-hidden=\"true\"><\/i>\n\t\t\t\t\t\t<span class=\"fl-button-text\">Brosch\u00fcre kostenlos anfordern<\/span>\n\t\t\t\t\t<\/a>\n<\/div>\n\t<\/div>\n<\/div>\n<\/div>\n<\/div>\n\t<\/div>\n\t\t<\/div>\n\t<\/div>\n<\/div>\n<\/div><div class=\"uabb-js-breakpoint\" style=\"display: none;\"><\/div>\t\t\t\n\t\t\t<a href=\"javascript:void(0)\" title=\"Klik Hier\" target=\"_self\"  data-modal=  \"role=\"button\"\" aria-label=\"Brosch\u00fcre kostenlos anfordern\">\n\t\t\t\t\t\t\t\t\t\t\tBrosch\u00fcre kostenlos anfordern\n\t\t<\/a>","protected":false},"excerpt":{"rendered":"<p>Staudt-Katalog erhalten Nehmen Sie sich Zeit? Eine Uhr kauft man nicht \u00fcber Nacht, wir empfehlen Ihnen, sich Zeit zu nehmen. F\u00fcr den Anfang, am besten mit einem guten Glas Wein und unserer luxuri\u00f6sen Brosch\u00fcre. Dieses Buch enth\u00e4lt alles, was Sie \u00fcber uns wissen m\u00fcssen. Es ist...<\/p>","protected":false},"author":1,"featured_media":0,"parent":0,"menu_order":0,"comment_status":"closed","ping_status":"closed","template":"","meta":{"footnotes":""},"class_list":["post-1600","page","type-page","status-publish","hentry"],"yoast_head":"<!-- This site is optimized with the Yoast SEO Premium plugin v22.2 (Yoast SEO v27.4) - https:\/\/yoast.com\/product\/yoast-seo-premium-wordpress\/ -->\n<title>Kosteloos luxe catalogus ontvangen<\/title>\n<meta name=\"description\" content=\"Het Nederlandse horlogemerk stuurt jou kosteloos een luxe catalogus op. Leer alles over dit bijzondere familiebedrijf.\" \/>\n<meta name=\"robots\" content=\"index, follow, max-snippet:-1, max-image-preview:large, max-video-preview:-1\" \/>\n<link rel=\"canonical\" href=\"https:\/\/www.staudtchronometrie.com\/de\/catalogus\/\" \/>\n<meta property=\"og:locale\" content=\"de_DE\" \/>\n<meta property=\"og:type\" content=\"article\" \/>\n<meta property=\"og:title\" content=\"Catalogus\" \/>\n<meta property=\"og:description\" content=\"Het Nederlandse horlogemerk stuurt jou kosteloos een luxe catalogus op. Leer alles over dit bijzondere familiebedrijf.\" \/>\n<meta property=\"og:url\" content=\"https:\/\/www.staudtchronometrie.com\/de\/catalogus\/\" \/>\n<meta property=\"og:site_name\" content=\"Staudt Chronometrie\" \/>\n<meta property=\"article:publisher\" content=\"https:\/\/www.facebook.com\/staudtchronometrie\" \/>\n<meta property=\"article:modified_time\" content=\"2025-09-19T09:25:09+00:00\" \/>\n<meta property=\"og:image\" content=\"https:\/\/www.staudtchronometrie.com\/wp-content\/uploads\/2024\/03\/Catalogue-Staudt-2.png\" \/>\n<meta name=\"twitter:card\" content=\"summary_large_image\" \/>\n<meta name=\"twitter:label1\" content=\"Gesch\u00e4tzte Lesezeit\" \/>\n\t<meta name=\"twitter:data1\" content=\"2\u00a0Minuten\" \/>\n<script type=\"application\/ld+json\" class=\"yoast-schema-graph\">{\"@context\":\"https:\\\/\\\/schema.org\",\"@graph\":[{\"@type\":\"WebPage\",\"@id\":\"https:\\\/\\\/www.staudtchronometrie.com\\\/catalogus\\\/\",\"url\":\"https:\\\/\\\/www.staudtchronometrie.com\\\/catalogus\\\/\",\"name\":\"Kosteloos luxe catalogus ontvangen\",\"isPartOf\":{\"@id\":\"https:\\\/\\\/www.staudtchronometrie.com\\\/#website\"},\"primaryImageOfPage\":{\"@id\":\"https:\\\/\\\/www.staudtchronometrie.com\\\/catalogus\\\/#primaryimage\"},\"image\":{\"@id\":\"https:\\\/\\\/www.staudtchronometrie.com\\\/catalogus\\\/#primaryimage\"},\"thumbnailUrl\":\"https:\\\/\\\/www.staudtchronometrie.com\\\/wp-content\\\/uploads\\\/2024\\\/03\\\/Catalogue-Staudt-2.png\",\"datePublished\":\"0204-09-05T14:28:01+00:00\",\"dateModified\":\"2025-09-19T09:25:09+00:00\",\"description\":\"Het Nederlandse horlogemerk stuurt jou kosteloos een luxe catalogus op. Leer alles over dit bijzondere familiebedrijf.\",\"breadcrumb\":{\"@id\":\"https:\\\/\\\/www.staudtchronometrie.com\\\/catalogus\\\/#breadcrumb\"},\"inLanguage\":\"de\",\"potentialAction\":[{\"@type\":\"ReadAction\",\"target\":[\"https:\\\/\\\/www.staudtchronometrie.com\\\/catalogus\\\/\"]}]},{\"@type\":\"ImageObject\",\"inLanguage\":\"de\",\"@id\":\"https:\\\/\\\/www.staudtchronometrie.com\\\/catalogus\\\/#primaryimage\",\"url\":\"https:\\\/\\\/www.staudtchronometrie.com\\\/wp-content\\\/uploads\\\/2024\\\/03\\\/Catalogue-Staudt-2.png\",\"contentUrl\":\"https:\\\/\\\/www.staudtchronometrie.com\\\/wp-content\\\/uploads\\\/2024\\\/03\\\/Catalogue-Staudt-2.png\"},{\"@type\":\"BreadcrumbList\",\"@id\":\"https:\\\/\\\/www.staudtchronometrie.com\\\/catalogus\\\/#breadcrumb\",\"itemListElement\":[{\"@type\":\"ListItem\",\"position\":1,\"name\":\"Home\",\"item\":\"https:\\\/\\\/www.staudtchronometrie.com\\\/\"},{\"@type\":\"ListItem\",\"position\":2,\"name\":\"Catalogus\"}]},{\"@type\":\"WebSite\",\"@id\":\"https:\\\/\\\/www.staudtchronometrie.com\\\/#website\",\"url\":\"https:\\\/\\\/www.staudtchronometrie.com\\\/\",\"name\":\"Staudt Chronometrie\",\"description\":\"Dutch luxury watch brand\",\"publisher\":{\"@id\":\"https:\\\/\\\/www.staudtchronometrie.com\\\/#organization\"},\"potentialAction\":[{\"@type\":\"SearchAction\",\"target\":{\"@type\":\"EntryPoint\",\"urlTemplate\":\"https:\\\/\\\/www.staudtchronometrie.com\\\/?s={search_term_string}\"},\"query-input\":{\"@type\":\"PropertyValueSpecification\",\"valueRequired\":true,\"valueName\":\"search_term_string\"}}],\"inLanguage\":\"de\"},{\"@type\":\"Organization\",\"@id\":\"https:\\\/\\\/www.staudtchronometrie.com\\\/#organization\",\"name\":\"Staudt Chronometrie\",\"url\":\"https:\\\/\\\/www.staudtchronometrie.com\\\/\",\"logo\":{\"@type\":\"ImageObject\",\"inLanguage\":\"de\",\"@id\":\"https:\\\/\\\/www.staudtchronometrie.com\\\/#\\\/schema\\\/logo\\\/image\\\/\",\"url\":\"https:\\\/\\\/www.staudtchronometrie.com\\\/wp-content\\\/uploads\\\/2021\\\/12\\\/Staudt-Chronometrie-logo-text-blue.png\",\"contentUrl\":\"https:\\\/\\\/www.staudtchronometrie.com\\\/wp-content\\\/uploads\\\/2021\\\/12\\\/Staudt-Chronometrie-logo-text-blue.png\",\"width\":1930,\"height\":643,\"caption\":\"Staudt Chronometrie\"},\"image\":{\"@id\":\"https:\\\/\\\/www.staudtchronometrie.com\\\/#\\\/schema\\\/logo\\\/image\\\/\"},\"sameAs\":[\"https:\\\/\\\/www.facebook.com\\\/staudtchronometrie\",\"https:\\\/\\\/www.instagram.com\\\/staudtchronometrie\\\/\",\"https:\\\/\\\/www.linkedin.com\\\/company\\\/staudt-chronometrie\"]}]}<\/script>\n<!-- \/ Yoast SEO Premium plugin. -->","yoast_head_json":{"title":"Erhalten Sie kostenlos einen Luxuskatalog","description":"Die niederl\u00e4ndische Uhrenmarke schickt Ihnen kostenlos einen Luxuskatalog. Erfahren Sie alles \u00fcber dieses besondere Familienunternehmen.","robots":{"index":"index","follow":"follow","max-snippet":"max-snippet:-1","max-image-preview":"max-image-preview:large","max-video-preview":"max-video-preview:-1"},"canonical":"https:\/\/www.staudtchronometrie.com\/de\/catalogus\/","og_locale":"de_DE","og_type":"article","og_title":"Catalogus","og_description":"Het Nederlandse horlogemerk stuurt jou kosteloos een luxe catalogus op. Leer alles over dit bijzondere familiebedrijf.","og_url":"https:\/\/www.staudtchronometrie.com\/de\/catalogus\/","og_site_name":"Staudt Chronometrie","article_publisher":"https:\/\/www.facebook.com\/staudtchronometrie","article_modified_time":"2025-09-19T09:25:09+00:00","og_image":[{"url":"https:\/\/www.staudtchronometrie.com\/wp-content\/uploads\/2024\/03\/Catalogue-Staudt-2.png","type":"","width":"","height":""}],"twitter_card":"summary_large_image","twitter_misc":{"Gesch\u00e4tzte Lesezeit":"2\u00a0Minuten"},"schema":{"@context":"https:\/\/schema.org","@graph":[{"@type":"WebPage","@id":"https:\/\/www.staudtchronometrie.com\/catalogus\/","url":"https:\/\/www.staudtchronometrie.com\/catalogus\/","name":"Erhalten Sie kostenlos einen Luxuskatalog","isPartOf":{"@id":"https:\/\/www.staudtchronometrie.com\/#website"},"primaryImageOfPage":{"@id":"https:\/\/www.staudtchronometrie.com\/catalogus\/#primaryimage"},"image":{"@id":"https:\/\/www.staudtchronometrie.com\/catalogus\/#primaryimage"},"thumbnailUrl":"https:\/\/www.staudtchronometrie.com\/wp-content\/uploads\/2024\/03\/Catalogue-Staudt-2.png","datePublished":"0204-09-05T14:28:01+00:00","dateModified":"2025-09-19T09:25:09+00:00","description":"Die niederl\u00e4ndische Uhrenmarke schickt Ihnen kostenlos einen Luxuskatalog. Erfahren Sie alles \u00fcber dieses besondere Familienunternehmen.","breadcrumb":{"@id":"https:\/\/www.staudtchronometrie.com\/catalogus\/#breadcrumb"},"inLanguage":"de","potentialAction":[{"@type":"ReadAction","target":["https:\/\/www.staudtchronometrie.com\/catalogus\/"]}]},{"@type":"ImageObject","inLanguage":"de","@id":"https:\/\/www.staudtchronometrie.com\/catalogus\/#primaryimage","url":"https:\/\/www.staudtchronometrie.com\/wp-content\/uploads\/2024\/03\/Catalogue-Staudt-2.png","contentUrl":"https:\/\/www.staudtchronometrie.com\/wp-content\/uploads\/2024\/03\/Catalogue-Staudt-2.png"},{"@type":"BreadcrumbList","@id":"https:\/\/www.staudtchronometrie.com\/catalogus\/#breadcrumb","itemListElement":[{"@type":"ListItem","position":1,"name":"Home","item":"https:\/\/www.staudtchronometrie.com\/"},{"@type":"ListItem","position":2,"name":"Catalogus"}]},{"@type":"WebSite","@id":"https:\/\/www.staudtchronometrie.com\/#website","url":"https:\/\/www.staudtchronometrie.com\/","name":"Staudt Chronometrie","description":"Niederl\u00e4ndische Luxusuhrenmarke","publisher":{"@id":"https:\/\/www.staudtchronometrie.com\/#organization"},"potentialAction":[{"@type":"SearchAction","target":{"@type":"EntryPoint","urlTemplate":"https:\/\/www.staudtchronometrie.com\/?s={search_term_string}"},"query-input":{"@type":"PropertyValueSpecification","valueRequired":true,"valueName":"search_term_string"}}],"inLanguage":"de"},{"@type":"Organization","@id":"https:\/\/www.staudtchronometrie.com\/#organization","name":"Staudt Chronometrie","url":"https:\/\/www.staudtchronometrie.com\/","logo":{"@type":"ImageObject","inLanguage":"de","@id":"https:\/\/www.staudtchronometrie.com\/#\/schema\/logo\/image\/","url":"https:\/\/www.staudtchronometrie.com\/wp-content\/uploads\/2021\/12\/Staudt-Chronometrie-logo-text-blue.png","contentUrl":"https:\/\/www.staudtchronometrie.com\/wp-content\/uploads\/2021\/12\/Staudt-Chronometrie-logo-text-blue.png","width":1930,"height":643,"caption":"Staudt Chronometrie"},"image":{"@id":"https:\/\/www.staudtchronometrie.com\/#\/schema\/logo\/image\/"},"sameAs":["https:\/\/www.facebook.com\/staudtchronometrie","https:\/\/www.instagram.com\/staudtchronometrie\/","https:\/\/www.linkedin.com\/company\/staudt-chronometrie"]}]}},"_links":{"self":[{"href":"https:\/\/www.staudtchronometrie.com\/de\/wp-json\/wp\/v2\/pages\/1600","targetHints":{"allow":["GET"]}}],"collection":[{"href":"https:\/\/www.staudtchronometrie.com\/de\/wp-json\/wp\/v2\/pages"}],"about":[{"href":"https:\/\/www.staudtchronometrie.com\/de\/wp-json\/wp\/v2\/types\/page"}],"author":[{"embeddable":true,"href":"https:\/\/www.staudtchronometrie.com\/de\/wp-json\/wp\/v2\/users\/1"}],"replies":[{"embeddable":true,"href":"https:\/\/www.staudtchronometrie.com\/de\/wp-json\/wp\/v2\/comments?post=1600"}],"version-history":[{"count":5,"href":"https:\/\/www.staudtchronometrie.com\/de\/wp-json\/wp\/v2\/pages\/1600\/revisions"}],"predecessor-version":[{"id":26702,"href":"https:\/\/www.staudtchronometrie.com\/de\/wp-json\/wp\/v2\/pages\/1600\/revisions\/26702"}],"wp:attachment":[{"href":"https:\/\/www.staudtchronometrie.com\/de\/wp-json\/wp\/v2\/media?parent=1600"}],"curies":[{"name":"wp","href":"https:\/\/api.w.org\/{rel}","templated":true}]}}