{"id":25867,"date":"2024-09-03T20:23:40","date_gmt":"2024-09-03T20:23:40","guid":{"rendered":"https:\/\/www.staudtchronometrie.com\/?page_id=25867"},"modified":"2024-09-05T00:00:24","modified_gmt":"2024-09-05T00:00:24","slug":"garantie","status":"publish","type":"page","link":"https:\/\/www.staudtchronometrie.com\/de\/garantie\/","title":{"rendered":"Garantie"},"content":{"rendered":"<p>Sie hoffen, sie nicht benutzen zu m\u00fcssen. Sie k\u00f6nnen Ihre Uhr sorglos genie\u00dfen. Deshalb bieten wir Ihnen eine erweiterte Garantie von bis zu vier Jahren. Registrieren Sie Ihre Uhr.<\/p>\t\n\t\t\t<a href=\"\/de\/registreren\/\" target=\"_self\" rel=\"noopener\">\n\t\t\t\t\t\tUhrenregistrierung und doppelte Garantie\n\t\t\t\t\t<\/a>\n\t\t\t<a href=\"#afspraak\" target=\"_self\" rel=\"noopener\">\n\t\t\t\t\t\tGew\u00e4hrleistungsanspr\u00fcche\n\t\t\t\t\t<\/a>\n\t\t\t<a href=\"\/de\/garantievoorwaarden\/\" target=\"_self\" rel=\"noopener\">\n\t\t\t\t\t\tPr\u00fcfen Sie unsere Garantiebedingungen\n\t\t\t\t\t<\/a>\n\t\t\t\t<img decoding=\"async\" src=\"https:\/\/www.staudtchronometrie.com\/wp-content\/uploads\/2024\/03\/Staudt-Guilloche-Chronograph-mechanical-watch-hand-main-2.jpg\" alt=\"Herenhorloges van Nederlands horlogemerk Staudt Chronometrie Guilloche horloge goud\" title=\"Herrenuhren der niederl\u00e4ndischen Uhrenmarke Staudt Chronometrie Guilloche Uhr gold\" itemprop=\"image\"  \/>\n\t\t\t\t<a href=\"\/de\/personalisation\/\" target=\"_self\" itemprop=\"url\" rel=\"noopener\">\n\t\t\t\t<img decoding=\"async\" src=\"https:\/\/www.staudtchronometrie.com\/wp-content\/uploads\/2018\/11\/DCM_1734-bewerkt-Large.jpg\" alt=\"DCM_1734-bewerkt-Large\" title=\"DCM_1734-bewerkt-Large\" itemprop=\"image\"  \/>\n\t\t\t\t\t\t<\/a>\n\t<p>F\u00fcr Uhren, die Sie bei einem autorisierten H\u00e4ndler gekauft haben, gilt eine Standardgarantiezeit von zwei Jahren ab Kaufdatum. Diese Garantiezeit kann auf vier Jahre verdoppelt werden, indem Sie die Uhr registrieren lassen. Sollte innerhalb der Garantiezeit wider Erwarten ein Defekt aufgrund eines Produktionsfehlers auftreten, reparieren wir Ihre Uhr gegen Vorlage einer Garantiekarte kostenlos in unserer Werkstatt. Auf der Garantiekarte in Ihrer Uhrenbox finden Sie die Garantiebedingungen, die f\u00fcr Ihre Uhr gelten.<\/p>\n\t\n\t\t\t<p>Beanspruchen Sie die Garantie f\u00fcr Ihre Uhr? Geben Sie Ihre Uhr in einer unserer Verkaufsstellen ab oder vereinbaren Sie einen Termin in der Staudt-Boutique, indem Sie eine Whatsapp-Nachricht senden oder das untenstehende Formular ausf\u00fcllen.<\/p>\t\n\t\t\t<a href=\"https:\/\/www.staudtchronometrie.com\/de\/retailers\/\" target=\"_self\" rel=\"noopener\">\n\t\t\t\t\t\t\t\tFinden Sie den n\u00e4chstgelegenen H\u00e4ndler\n\t\t\t\t\t\t\t<\/a>\n\t\t\t\t\toder\t\t\t\t\n\t\t\t<a href=\"https:\/\/wa.me\/31850044999\" target=\"_blank\" rel=\"noopener nofollow\">\n\t\t\t\t\t\t\t\tWhatsApp f\u00fcr Terminvereinbarung\n\t\t\t\t\t\t\t<\/a>\n\t<p>Antrag auf Garantie<\/p>","protected":false},"excerpt":{"rendered":"<p>Sie hoffen, sie nicht benutzen zu m\u00fcssen. Sie k\u00f6nnen Ihre Uhr sorglos genie\u00dfen. Deshalb bieten wir Ihnen eine erweiterte Garantie von bis zu vier Jahren. Registrieren Sie Ihre Uhr. Registrieren Sie Ihre Uhr und verdoppeln Sie Ihre Garantie Garantie in Anspruch nehmen Sehen Sie sich unsere Garantiebedingungen an F\u00fcr Uhren, die Sie bei einem autorisierten H\u00e4ndler gekauft haben, gilt eine Garantiezeit von...<\/p>","protected":false},"author":1,"featured_media":685,"parent":0,"menu_order":0,"comment_status":"closed","ping_status":"closed","template":"","meta":{"footnotes":""},"class_list":["post-25867","page","type-page","status-publish","has-post-thumbnail","hentry"],"yoast_head":"<!-- This site is optimized with the Yoast SEO Premium plugin v22.2 (Yoast SEO v27.4) - https:\/\/yoast.com\/product\/yoast-seo-premium-wordpress\/ -->\n<title>Onderhoudsbeurt Staudt horloges<\/title>\n<meta name=\"description\" content=\"De horlogemakers van Staudt onderhouden uw horloge. Maak een afspraak om een onderhoudsbeurt in te plannen.\" \/>\n<meta name=\"robots\" content=\"index, follow, max-snippet:-1, max-image-preview:large, max-video-preview:-1\" \/>\n<link rel=\"canonical\" href=\"https:\/\/www.staudtchronometrie.com\/de\/garantie\/\" \/>\n<meta property=\"og:locale\" content=\"de_DE\" \/>\n<meta property=\"og:type\" content=\"article\" \/>\n<meta property=\"og:title\" content=\"Garantie\" \/>\n<meta property=\"og:description\" content=\"De horlogemakers van Staudt onderhouden uw horloge. Maak een afspraak om een onderhoudsbeurt in te plannen.\" \/>\n<meta property=\"og:url\" content=\"https:\/\/www.staudtchronometrie.com\/de\/garantie\/\" \/>\n<meta property=\"og:site_name\" content=\"Staudt Chronometrie\" \/>\n<meta property=\"article:publisher\" content=\"https:\/\/www.facebook.com\/staudtchronometrie\" \/>\n<meta property=\"article:modified_time\" content=\"2024-09-05T00:00:24+00:00\" \/>\n<meta property=\"og:image\" content=\"https:\/\/www.staudtchronometrie.com\/wp-content\/uploads\/2018\/11\/Service.png\" \/>\n\t<meta property=\"og:image:width\" content=\"350\" \/>\n\t<meta property=\"og:image:height\" content=\"300\" \/>\n\t<meta property=\"og:image:type\" content=\"image\/png\" \/>\n<meta name=\"twitter:card\" content=\"summary_large_image\" \/>\n<meta name=\"twitter:label1\" content=\"Gesch\u00e4tzte Lesezeit\" \/>\n\t<meta name=\"twitter:data1\" content=\"4\u00a0Minuten\" \/>\n<script type=\"application\/ld+json\" class=\"yoast-schema-graph\">{\"@context\":\"https:\\\/\\\/schema.org\",\"@graph\":[{\"@type\":\"WebPage\",\"@id\":\"https:\\\/\\\/www.staudtchronometrie.com\\\/garantie\\\/\",\"url\":\"https:\\\/\\\/www.staudtchronometrie.com\\\/garantie\\\/\",\"name\":\"Onderhoudsbeurt Staudt horloges\",\"isPartOf\":{\"@id\":\"https:\\\/\\\/www.staudtchronometrie.com\\\/#website\"},\"primaryImageOfPage\":{\"@id\":\"https:\\\/\\\/www.staudtchronometrie.com\\\/garantie\\\/#primaryimage\"},\"image\":{\"@id\":\"https:\\\/\\\/www.staudtchronometrie.com\\\/garantie\\\/#primaryimage\"},\"thumbnailUrl\":\"https:\\\/\\\/www.staudtchronometrie.com\\\/wp-content\\\/uploads\\\/2018\\\/11\\\/Service.png\",\"datePublished\":\"2024-09-03T20:23:40+00:00\",\"dateModified\":\"2024-09-05T00:00:24+00:00\",\"description\":\"De horlogemakers van Staudt onderhouden uw horloge. Maak een afspraak om een onderhoudsbeurt in te plannen.\",\"breadcrumb\":{\"@id\":\"https:\\\/\\\/www.staudtchronometrie.com\\\/garantie\\\/#breadcrumb\"},\"inLanguage\":\"de\",\"potentialAction\":[{\"@type\":\"ReadAction\",\"target\":[\"https:\\\/\\\/www.staudtchronometrie.com\\\/garantie\\\/\"]}]},{\"@type\":\"ImageObject\",\"inLanguage\":\"de\",\"@id\":\"https:\\\/\\\/www.staudtchronometrie.com\\\/garantie\\\/#primaryimage\",\"url\":\"https:\\\/\\\/www.staudtchronometrie.com\\\/wp-content\\\/uploads\\\/2018\\\/11\\\/Service.png\",\"contentUrl\":\"https:\\\/\\\/www.staudtchronometrie.com\\\/wp-content\\\/uploads\\\/2018\\\/11\\\/Service.png\",\"width\":350,\"height\":300},{\"@type\":\"BreadcrumbList\",\"@id\":\"https:\\\/\\\/www.staudtchronometrie.com\\\/garantie\\\/#breadcrumb\",\"itemListElement\":[{\"@type\":\"ListItem\",\"position\":1,\"name\":\"Home\",\"item\":\"https:\\\/\\\/www.staudtchronometrie.com\\\/\"},{\"@type\":\"ListItem\",\"position\":2,\"name\":\"Garantie\"}]},{\"@type\":\"WebSite\",\"@id\":\"https:\\\/\\\/www.staudtchronometrie.com\\\/#website\",\"url\":\"https:\\\/\\\/www.staudtchronometrie.com\\\/\",\"name\":\"Staudt Chronometrie\",\"description\":\"Dutch luxury watch brand\",\"publisher\":{\"@id\":\"https:\\\/\\\/www.staudtchronometrie.com\\\/#organization\"},\"potentialAction\":[{\"@type\":\"SearchAction\",\"target\":{\"@type\":\"EntryPoint\",\"urlTemplate\":\"https:\\\/\\\/www.staudtchronometrie.com\\\/?s={search_term_string}\"},\"query-input\":{\"@type\":\"PropertyValueSpecification\",\"valueRequired\":true,\"valueName\":\"search_term_string\"}}],\"inLanguage\":\"de\"},{\"@type\":\"Organization\",\"@id\":\"https:\\\/\\\/www.staudtchronometrie.com\\\/#organization\",\"name\":\"Staudt Chronometrie\",\"url\":\"https:\\\/\\\/www.staudtchronometrie.com\\\/\",\"logo\":{\"@type\":\"ImageObject\",\"inLanguage\":\"de\",\"@id\":\"https:\\\/\\\/www.staudtchronometrie.com\\\/#\\\/schema\\\/logo\\\/image\\\/\",\"url\":\"https:\\\/\\\/www.staudtchronometrie.com\\\/wp-content\\\/uploads\\\/2021\\\/12\\\/Staudt-Chronometrie-logo-text-blue.png\",\"contentUrl\":\"https:\\\/\\\/www.staudtchronometrie.com\\\/wp-content\\\/uploads\\\/2021\\\/12\\\/Staudt-Chronometrie-logo-text-blue.png\",\"width\":1930,\"height\":643,\"caption\":\"Staudt Chronometrie\"},\"image\":{\"@id\":\"https:\\\/\\\/www.staudtchronometrie.com\\\/#\\\/schema\\\/logo\\\/image\\\/\"},\"sameAs\":[\"https:\\\/\\\/www.facebook.com\\\/staudtchronometrie\",\"https:\\\/\\\/www.instagram.com\\\/staudtchronometrie\\\/\",\"https:\\\/\\\/www.linkedin.com\\\/company\\\/staudt-chronometrie\"]}]}<\/script>\n<!-- \/ Yoast SEO Premium plugin. -->","yoast_head_json":{"title":"Service f\u00fcr Staudt Uhren","description":"Die Uhrmacher von Staudt warten Ihre Uhr. Vereinbaren Sie einen Termin f\u00fcr einen Service.","robots":{"index":"index","follow":"follow","max-snippet":"max-snippet:-1","max-image-preview":"max-image-preview:large","max-video-preview":"max-video-preview:-1"},"canonical":"https:\/\/www.staudtchronometrie.com\/de\/garantie\/","og_locale":"de_DE","og_type":"article","og_title":"Garantie","og_description":"De horlogemakers van Staudt onderhouden uw horloge. Maak een afspraak om een onderhoudsbeurt in te plannen.","og_url":"https:\/\/www.staudtchronometrie.com\/de\/garantie\/","og_site_name":"Staudt Chronometrie","article_publisher":"https:\/\/www.facebook.com\/staudtchronometrie","article_modified_time":"2024-09-05T00:00:24+00:00","og_image":[{"width":350,"height":300,"url":"https:\/\/www.staudtchronometrie.com\/wp-content\/uploads\/2018\/11\/Service.png","type":"image\/png"}],"twitter_card":"summary_large_image","twitter_misc":{"Gesch\u00e4tzte Lesezeit":"4\u00a0Minuten"},"schema":{"@context":"https:\/\/schema.org","@graph":[{"@type":"WebPage","@id":"https:\/\/www.staudtchronometrie.com\/garantie\/","url":"https:\/\/www.staudtchronometrie.com\/garantie\/","name":"Service f\u00fcr Staudt Uhren","isPartOf":{"@id":"https:\/\/www.staudtchronometrie.com\/#website"},"primaryImageOfPage":{"@id":"https:\/\/www.staudtchronometrie.com\/garantie\/#primaryimage"},"image":{"@id":"https:\/\/www.staudtchronometrie.com\/garantie\/#primaryimage"},"thumbnailUrl":"https:\/\/www.staudtchronometrie.com\/wp-content\/uploads\/2018\/11\/Service.png","datePublished":"2024-09-03T20:23:40+00:00","dateModified":"2024-09-05T00:00:24+00:00","description":"Die Uhrmacher von Staudt warten Ihre Uhr. Vereinbaren Sie einen Termin f\u00fcr einen Service.","breadcrumb":{"@id":"https:\/\/www.staudtchronometrie.com\/garantie\/#breadcrumb"},"inLanguage":"de","potentialAction":[{"@type":"ReadAction","target":["https:\/\/www.staudtchronometrie.com\/garantie\/"]}]},{"@type":"ImageObject","inLanguage":"de","@id":"https:\/\/www.staudtchronometrie.com\/garantie\/#primaryimage","url":"https:\/\/www.staudtchronometrie.com\/wp-content\/uploads\/2018\/11\/Service.png","contentUrl":"https:\/\/www.staudtchronometrie.com\/wp-content\/uploads\/2018\/11\/Service.png","width":350,"height":300},{"@type":"BreadcrumbList","@id":"https:\/\/www.staudtchronometrie.com\/garantie\/#breadcrumb","itemListElement":[{"@type":"ListItem","position":1,"name":"Home","item":"https:\/\/www.staudtchronometrie.com\/"},{"@type":"ListItem","position":2,"name":"Garantie"}]},{"@type":"WebSite","@id":"https:\/\/www.staudtchronometrie.com\/#website","url":"https:\/\/www.staudtchronometrie.com\/","name":"Staudt Chronometrie","description":"Niederl\u00e4ndische Luxusuhrenmarke","publisher":{"@id":"https:\/\/www.staudtchronometrie.com\/#organization"},"potentialAction":[{"@type":"SearchAction","target":{"@type":"EntryPoint","urlTemplate":"https:\/\/www.staudtchronometrie.com\/?s={search_term_string}"},"query-input":{"@type":"PropertyValueSpecification","valueRequired":true,"valueName":"search_term_string"}}],"inLanguage":"de"},{"@type":"Organization","@id":"https:\/\/www.staudtchronometrie.com\/#organization","name":"Staudt Chronometrie","url":"https:\/\/www.staudtchronometrie.com\/","logo":{"@type":"ImageObject","inLanguage":"de","@id":"https:\/\/www.staudtchronometrie.com\/#\/schema\/logo\/image\/","url":"https:\/\/www.staudtchronometrie.com\/wp-content\/uploads\/2021\/12\/Staudt-Chronometrie-logo-text-blue.png","contentUrl":"https:\/\/www.staudtchronometrie.com\/wp-content\/uploads\/2021\/12\/Staudt-Chronometrie-logo-text-blue.png","width":1930,"height":643,"caption":"Staudt Chronometrie"},"image":{"@id":"https:\/\/www.staudtchronometrie.com\/#\/schema\/logo\/image\/"},"sameAs":["https:\/\/www.facebook.com\/staudtchronometrie","https:\/\/www.instagram.com\/staudtchronometrie\/","https:\/\/www.linkedin.com\/company\/staudt-chronometrie"]}]}},"_links":{"self":[{"href":"https:\/\/www.staudtchronometrie.com\/de\/wp-json\/wp\/v2\/pages\/25867","targetHints":{"allow":["GET"]}}],"collection":[{"href":"https:\/\/www.staudtchronometrie.com\/de\/wp-json\/wp\/v2\/pages"}],"about":[{"href":"https:\/\/www.staudtchronometrie.com\/de\/wp-json\/wp\/v2\/types\/page"}],"author":[{"embeddable":true,"href":"https:\/\/www.staudtchronometrie.com\/de\/wp-json\/wp\/v2\/users\/1"}],"replies":[{"embeddable":true,"href":"https:\/\/www.staudtchronometrie.com\/de\/wp-json\/wp\/v2\/comments?post=25867"}],"version-history":[{"count":0,"href":"https:\/\/www.staudtchronometrie.com\/de\/wp-json\/wp\/v2\/pages\/25867\/revisions"}],"wp:featuredmedia":[{"embeddable":true,"href":"https:\/\/www.staudtchronometrie.com\/de\/wp-json\/wp\/v2\/media\/685"}],"wp:attachment":[{"href":"https:\/\/www.staudtchronometrie.com\/de\/wp-json\/wp\/v2\/media?parent=25867"}],"curies":[{"name":"wp","href":"https:\/\/api.w.org\/{rel}","templated":true}]}}