{"id":620,"date":"2024-09-03T14:45:32","date_gmt":"2024-09-03T14:45:32","guid":{"rendered":"https:\/\/www.staudtchronometrie.com\/?page_id=620"},"modified":"2024-09-12T20:37:49","modified_gmt":"2024-09-12T20:37:49","slug":"onderhouden","status":"publish","type":"page","link":"https:\/\/www.staudtchronometrie.com\/de\/onderhouden\/","title":{"rendered":"Pflegen Sie"},"content":{"rendered":"<p>Mit ein wenig Liebe wird ein Zeitmesser Generationen \u00fcberdauern. Unsere mechanischen Zeitmesser sind daf\u00fcr gemacht, die Zeit zu \u00fcberdauern. Aber sie unterliegen dem Verschlei\u00df, pflegen Sie Ihre Uhr rechtzeitig.<\/p>\t\n\t\t\t<a href=\"#afspraak\" target=\"_self\" rel=\"noopener\">\n\t\t\t\t\t\tPlanen Sie einen Service f\u00fcr Ihre Uhr\n\t\t\t\t\t<\/a>\n\t\t\t\t<a href=\"\/de\/watchmaking\/\" target=\"_self\" itemprop=\"url\" rel=\"noopener\">\n\t\t\t\t<img decoding=\"async\" src=\"https:\/\/www.staudtchronometrie.com\/wp-content\/uploads\/2022\/05\/Staudt-Chronometrie-Watchmaking-watch-bench-watchmaker-uhrmacher-horlogemaker.jpg\" alt=\"Staudt Chronometrie Watchmaking watch bench watchmaker uhrmacher horlogemaker\" title=\"Staudt Chronometrie Uhrmacherei uhrmacher uhrmacher uhrmacher uhrmacher\" itemprop=\"image\"  \/>\n\t\t\t\t\t\t<\/a>\n\t\t\t\t<a href=\"\/de\/personalisation\/\" target=\"_self\" itemprop=\"url\" rel=\"noopener\">\n\t\t\t\t<img decoding=\"async\" src=\"https:\/\/www.staudtchronometrie.com\/wp-content\/uploads\/2018\/11\/DCM_1734-bewerkt-Large.jpg\" alt=\"DCM_1734-bewerkt-Large\" title=\"DCM_1734-bewerkt-Large\" itemprop=\"image\"  \/>\n\t\t\t\t\t\t<\/a>\n\t<p>Es ist gut zu wissen, dass die Komponenten Ihrer Uhr einem gewissen Verschlei\u00df ausgesetzt sind. Die Genauigkeit einer Uhr h\u00e4ngt unter anderem von hochwertigen Schmiermitteln ab, die die Reibung minimieren. Diese \u00d6le k\u00f6nnen austrocknen und sollten rechtzeitig ausgetauscht werden. Es wird daher empfohlen, Ihre Uhr mindestens alle vier Jahre im Staudt-Servicezentrum warten zu lassen.  Die Uhr wird dann zerlegt, mit Ultraschall gereinigt und mit neuen Schmiermitteln versehen. Oberfl\u00e4chliche Kratzer auf dem Uhrengeh\u00e4use werden entfernt und die Dichtungen werden ersetzt.<\/p>\n\t\t\t<h3>Preis f\u00fcr eine Dienstleistung<\/h3>\n\t\t\t<p>Handwind: \u20ac390<br \/>Automatisches Uhrwerk: \u20ac420<br \/>Chronographenwerk: \u20ac 620<\/p>\n\t\t\t<a href=\"\/de\/void(0)\/\" title=\"Klicken Sie hier\" target=\"_self\" aria-label=\"Servicepreise ansehen\" rel=\"noopener\">\n\t\t\t\t\t\t\t\t\t\t\tServicepreise ansehen\n\t\t<\/a>\n\t\n\t\t\t<p>Dichtungen k\u00f6nnen austrocknen, was die Wasserdichtigkeit beeintr\u00e4chtigen kann. Wir empfehlen daher, die Wasserdichtigkeit Ihrer Uhr jedes Jahr bei Ihrem Juwelier oder in unserem Servicecenter \u00fcberpr\u00fcfen zu lassen.<\/p>\t\n\t\t\t<a href=\"#afspraak\" target=\"_self\" rel=\"noopener\">\n\t\t\t\t\t\tPlanen Sie einen Service f\u00fcr Ihre Uhr\n\t\t\t\t\t<\/a>\n\t\t\t\t<a href=\"\/de\/watchmaking\/\" target=\"_self\" itemprop=\"url\" rel=\"noopener\">\n\t\t\t\t<img decoding=\"async\" src=\"https:\/\/www.staudtchronometrie.com\/wp-content\/uploads\/2018\/11\/website-slide-1.jpg\" alt=\"website-slide-1\" title=\"website-slide-1\" itemprop=\"image\"  \/>\n\t\t\t\t\t\t<\/a>\n<h2>\n\t\tWas passiert w\u00e4hrend eines Gottesdienstes?\n\t<\/h2>\n\t\n\t\t\t<p>Sie m\u00f6chten einen Termin f\u00fcr einen Service vereinbaren? Geben Sie Ihre Uhr in einer unserer Filialen ab oder vereinbaren Sie einen Termin in der Staudt Boutique, indem Sie eine Whatsapp-Nachricht senden oder das untenstehende Formular ausf\u00fcllen.<\/p>\t\n\t\t\t<a href=\"https:\/\/www.staudtchronometrie.com\/de\/retailers\/\" target=\"_self\" rel=\"noopener\">\n\t\t\t\t\t\t\t\tFinden Sie den n\u00e4chstgelegenen H\u00e4ndler\n\t\t\t\t\t\t\t<\/a>\n\t\t\t\t\toder\t\t\t\t\n\t\t\t<a href=\"https:\/\/wa.me\/31850044999\" target=\"_blank\" rel=\"noopener nofollow\">\n\t\t\t\t\t\t\t\tWhatsApp f\u00fcr Terminvereinbarung\n\t\t\t\t\t\t\t<\/a>\n\t<p>Planen Sie die Wartung<\/p>","protected":false},"excerpt":{"rendered":"<p>Mit ein wenig Liebe wird ein Zeitmesser Generationen \u00fcberdauern. Unsere mechanischen Zeitmesser sind daf\u00fcr gemacht, die Zeit zu \u00fcberdauern. Aber sie unterliegen dem Verschlei\u00df. Warten Sie Ihre Uhr rechtzeitig. Planen Sie einen Service f\u00fcr Ihre Uhr ein Es ist gut zu wissen, dass die Teile Ihrer Uhr einem Verschlei\u00df unterliegen....<\/p>","protected":false},"author":1,"featured_media":685,"parent":0,"menu_order":0,"comment_status":"closed","ping_status":"closed","template":"","meta":{"footnotes":""},"class_list":["post-620","page","type-page","status-publish","has-post-thumbnail","hentry"],"yoast_head":"<!-- This site is optimized with the Yoast SEO Premium plugin v22.2 (Yoast SEO v27.4) - https:\/\/yoast.com\/product\/yoast-seo-premium-wordpress\/ -->\n<title>Onderhoudsbeurt Staudt horloges<\/title>\n<meta name=\"description\" content=\"De horlogemakers van Staudt onderhouden uw horloge. Maak een afspraak om een onderhoudsbeurt in te plannen.\" \/>\n<meta name=\"robots\" content=\"index, follow, max-snippet:-1, max-image-preview:large, max-video-preview:-1\" \/>\n<link rel=\"canonical\" href=\"https:\/\/www.staudtchronometrie.com\/de\/onderhouden\/\" \/>\n<meta property=\"og:locale\" content=\"de_DE\" \/>\n<meta property=\"og:type\" content=\"article\" \/>\n<meta property=\"og:title\" content=\"Onderhouden\" \/>\n<meta property=\"og:description\" content=\"De horlogemakers van Staudt onderhouden uw horloge. Maak een afspraak om een onderhoudsbeurt in te plannen.\" \/>\n<meta property=\"og:url\" content=\"https:\/\/www.staudtchronometrie.com\/de\/onderhouden\/\" \/>\n<meta property=\"og:site_name\" content=\"Staudt Chronometrie\" \/>\n<meta property=\"article:publisher\" content=\"https:\/\/www.facebook.com\/staudtchronometrie\" \/>\n<meta property=\"article:modified_time\" content=\"2024-09-12T20:37:49+00:00\" \/>\n<meta property=\"og:image\" content=\"https:\/\/www.staudtchronometrie.com\/wp-content\/uploads\/2018\/11\/Service.png\" \/>\n\t<meta property=\"og:image:width\" content=\"350\" \/>\n\t<meta property=\"og:image:height\" content=\"300\" \/>\n\t<meta property=\"og:image:type\" content=\"image\/png\" \/>\n<meta name=\"twitter:card\" content=\"summary_large_image\" \/>\n<meta name=\"twitter:label1\" content=\"Gesch\u00e4tzte Lesezeit\" \/>\n\t<meta name=\"twitter:data1\" content=\"4\u00a0Minuten\" \/>\n<script type=\"application\/ld+json\" class=\"yoast-schema-graph\">{\"@context\":\"https:\\\/\\\/schema.org\",\"@graph\":[{\"@type\":\"WebPage\",\"@id\":\"https:\\\/\\\/www.staudtchronometrie.com\\\/onderhouden\\\/\",\"url\":\"https:\\\/\\\/www.staudtchronometrie.com\\\/onderhouden\\\/\",\"name\":\"Onderhoudsbeurt Staudt horloges\",\"isPartOf\":{\"@id\":\"https:\\\/\\\/www.staudtchronometrie.com\\\/#website\"},\"primaryImageOfPage\":{\"@id\":\"https:\\\/\\\/www.staudtchronometrie.com\\\/onderhouden\\\/#primaryimage\"},\"image\":{\"@id\":\"https:\\\/\\\/www.staudtchronometrie.com\\\/onderhouden\\\/#primaryimage\"},\"thumbnailUrl\":\"https:\\\/\\\/www.staudtchronometrie.com\\\/wp-content\\\/uploads\\\/2018\\\/11\\\/Service.png\",\"datePublished\":\"2024-09-03T14:45:32+00:00\",\"dateModified\":\"2024-09-12T20:37:49+00:00\",\"description\":\"De horlogemakers van Staudt onderhouden uw horloge. Maak een afspraak om een onderhoudsbeurt in te plannen.\",\"breadcrumb\":{\"@id\":\"https:\\\/\\\/www.staudtchronometrie.com\\\/onderhouden\\\/#breadcrumb\"},\"inLanguage\":\"de\",\"potentialAction\":[{\"@type\":\"ReadAction\",\"target\":[\"https:\\\/\\\/www.staudtchronometrie.com\\\/onderhouden\\\/\"]}]},{\"@type\":\"ImageObject\",\"inLanguage\":\"de\",\"@id\":\"https:\\\/\\\/www.staudtchronometrie.com\\\/onderhouden\\\/#primaryimage\",\"url\":\"https:\\\/\\\/www.staudtchronometrie.com\\\/wp-content\\\/uploads\\\/2018\\\/11\\\/Service.png\",\"contentUrl\":\"https:\\\/\\\/www.staudtchronometrie.com\\\/wp-content\\\/uploads\\\/2018\\\/11\\\/Service.png\",\"width\":350,\"height\":300},{\"@type\":\"BreadcrumbList\",\"@id\":\"https:\\\/\\\/www.staudtchronometrie.com\\\/onderhouden\\\/#breadcrumb\",\"itemListElement\":[{\"@type\":\"ListItem\",\"position\":1,\"name\":\"Home\",\"item\":\"https:\\\/\\\/www.staudtchronometrie.com\\\/\"},{\"@type\":\"ListItem\",\"position\":2,\"name\":\"Onderhouden\"}]},{\"@type\":\"WebSite\",\"@id\":\"https:\\\/\\\/www.staudtchronometrie.com\\\/#website\",\"url\":\"https:\\\/\\\/www.staudtchronometrie.com\\\/\",\"name\":\"Staudt Chronometrie\",\"description\":\"Dutch luxury watch brand\",\"publisher\":{\"@id\":\"https:\\\/\\\/www.staudtchronometrie.com\\\/#organization\"},\"potentialAction\":[{\"@type\":\"SearchAction\",\"target\":{\"@type\":\"EntryPoint\",\"urlTemplate\":\"https:\\\/\\\/www.staudtchronometrie.com\\\/?s={search_term_string}\"},\"query-input\":{\"@type\":\"PropertyValueSpecification\",\"valueRequired\":true,\"valueName\":\"search_term_string\"}}],\"inLanguage\":\"de\"},{\"@type\":\"Organization\",\"@id\":\"https:\\\/\\\/www.staudtchronometrie.com\\\/#organization\",\"name\":\"Staudt Chronometrie\",\"url\":\"https:\\\/\\\/www.staudtchronometrie.com\\\/\",\"logo\":{\"@type\":\"ImageObject\",\"inLanguage\":\"de\",\"@id\":\"https:\\\/\\\/www.staudtchronometrie.com\\\/#\\\/schema\\\/logo\\\/image\\\/\",\"url\":\"https:\\\/\\\/www.staudtchronometrie.com\\\/wp-content\\\/uploads\\\/2021\\\/12\\\/Staudt-Chronometrie-logo-text-blue.png\",\"contentUrl\":\"https:\\\/\\\/www.staudtchronometrie.com\\\/wp-content\\\/uploads\\\/2021\\\/12\\\/Staudt-Chronometrie-logo-text-blue.png\",\"width\":1930,\"height\":643,\"caption\":\"Staudt Chronometrie\"},\"image\":{\"@id\":\"https:\\\/\\\/www.staudtchronometrie.com\\\/#\\\/schema\\\/logo\\\/image\\\/\"},\"sameAs\":[\"https:\\\/\\\/www.facebook.com\\\/staudtchronometrie\",\"https:\\\/\\\/www.instagram.com\\\/staudtchronometrie\\\/\",\"https:\\\/\\\/www.linkedin.com\\\/company\\\/staudt-chronometrie\"]}]}<\/script>\n<!-- \/ Yoast SEO Premium plugin. -->","yoast_head_json":{"title":"Service f\u00fcr Staudt Uhren","description":"Die Uhrmacher von Staudt warten Ihre Uhr. Vereinbaren Sie einen Termin f\u00fcr einen Service.","robots":{"index":"index","follow":"follow","max-snippet":"max-snippet:-1","max-image-preview":"max-image-preview:large","max-video-preview":"max-video-preview:-1"},"canonical":"https:\/\/www.staudtchronometrie.com\/de\/onderhouden\/","og_locale":"de_DE","og_type":"article","og_title":"Onderhouden","og_description":"De horlogemakers van Staudt onderhouden uw horloge. Maak een afspraak om een onderhoudsbeurt in te plannen.","og_url":"https:\/\/www.staudtchronometrie.com\/de\/onderhouden\/","og_site_name":"Staudt Chronometrie","article_publisher":"https:\/\/www.facebook.com\/staudtchronometrie","article_modified_time":"2024-09-12T20:37:49+00:00","og_image":[{"width":350,"height":300,"url":"https:\/\/www.staudtchronometrie.com\/wp-content\/uploads\/2018\/11\/Service.png","type":"image\/png"}],"twitter_card":"summary_large_image","twitter_misc":{"Gesch\u00e4tzte Lesezeit":"4\u00a0Minuten"},"schema":{"@context":"https:\/\/schema.org","@graph":[{"@type":"WebPage","@id":"https:\/\/www.staudtchronometrie.com\/onderhouden\/","url":"https:\/\/www.staudtchronometrie.com\/onderhouden\/","name":"Service f\u00fcr Staudt Uhren","isPartOf":{"@id":"https:\/\/www.staudtchronometrie.com\/#website"},"primaryImageOfPage":{"@id":"https:\/\/www.staudtchronometrie.com\/onderhouden\/#primaryimage"},"image":{"@id":"https:\/\/www.staudtchronometrie.com\/onderhouden\/#primaryimage"},"thumbnailUrl":"https:\/\/www.staudtchronometrie.com\/wp-content\/uploads\/2018\/11\/Service.png","datePublished":"2024-09-03T14:45:32+00:00","dateModified":"2024-09-12T20:37:49+00:00","description":"Die Uhrmacher von Staudt warten Ihre Uhr. Vereinbaren Sie einen Termin f\u00fcr einen Service.","breadcrumb":{"@id":"https:\/\/www.staudtchronometrie.com\/onderhouden\/#breadcrumb"},"inLanguage":"de","potentialAction":[{"@type":"ReadAction","target":["https:\/\/www.staudtchronometrie.com\/onderhouden\/"]}]},{"@type":"ImageObject","inLanguage":"de","@id":"https:\/\/www.staudtchronometrie.com\/onderhouden\/#primaryimage","url":"https:\/\/www.staudtchronometrie.com\/wp-content\/uploads\/2018\/11\/Service.png","contentUrl":"https:\/\/www.staudtchronometrie.com\/wp-content\/uploads\/2018\/11\/Service.png","width":350,"height":300},{"@type":"BreadcrumbList","@id":"https:\/\/www.staudtchronometrie.com\/onderhouden\/#breadcrumb","itemListElement":[{"@type":"ListItem","position":1,"name":"Home","item":"https:\/\/www.staudtchronometrie.com\/"},{"@type":"ListItem","position":2,"name":"Onderhouden"}]},{"@type":"WebSite","@id":"https:\/\/www.staudtchronometrie.com\/#website","url":"https:\/\/www.staudtchronometrie.com\/","name":"Staudt Chronometrie","description":"Niederl\u00e4ndische Luxusuhrenmarke","publisher":{"@id":"https:\/\/www.staudtchronometrie.com\/#organization"},"potentialAction":[{"@type":"SearchAction","target":{"@type":"EntryPoint","urlTemplate":"https:\/\/www.staudtchronometrie.com\/?s={search_term_string}"},"query-input":{"@type":"PropertyValueSpecification","valueRequired":true,"valueName":"search_term_string"}}],"inLanguage":"de"},{"@type":"Organization","@id":"https:\/\/www.staudtchronometrie.com\/#organization","name":"Staudt Chronometrie","url":"https:\/\/www.staudtchronometrie.com\/","logo":{"@type":"ImageObject","inLanguage":"de","@id":"https:\/\/www.staudtchronometrie.com\/#\/schema\/logo\/image\/","url":"https:\/\/www.staudtchronometrie.com\/wp-content\/uploads\/2021\/12\/Staudt-Chronometrie-logo-text-blue.png","contentUrl":"https:\/\/www.staudtchronometrie.com\/wp-content\/uploads\/2021\/12\/Staudt-Chronometrie-logo-text-blue.png","width":1930,"height":643,"caption":"Staudt Chronometrie"},"image":{"@id":"https:\/\/www.staudtchronometrie.com\/#\/schema\/logo\/image\/"},"sameAs":["https:\/\/www.facebook.com\/staudtchronometrie","https:\/\/www.instagram.com\/staudtchronometrie\/","https:\/\/www.linkedin.com\/company\/staudt-chronometrie"]}]}},"_links":{"self":[{"href":"https:\/\/www.staudtchronometrie.com\/de\/wp-json\/wp\/v2\/pages\/620","targetHints":{"allow":["GET"]}}],"collection":[{"href":"https:\/\/www.staudtchronometrie.com\/de\/wp-json\/wp\/v2\/pages"}],"about":[{"href":"https:\/\/www.staudtchronometrie.com\/de\/wp-json\/wp\/v2\/types\/page"}],"author":[{"embeddable":true,"href":"https:\/\/www.staudtchronometrie.com\/de\/wp-json\/wp\/v2\/users\/1"}],"replies":[{"embeddable":true,"href":"https:\/\/www.staudtchronometrie.com\/de\/wp-json\/wp\/v2\/comments?post=620"}],"version-history":[{"count":0,"href":"https:\/\/www.staudtchronometrie.com\/de\/wp-json\/wp\/v2\/pages\/620\/revisions"}],"wp:featuredmedia":[{"embeddable":true,"href":"https:\/\/www.staudtchronometrie.com\/de\/wp-json\/wp\/v2\/media\/685"}],"wp:attachment":[{"href":"https:\/\/www.staudtchronometrie.com\/de\/wp-json\/wp\/v2\/media?parent=620"}],"curies":[{"name":"wp","href":"https:\/\/api.w.org\/{rel}","templated":true}]}}